{"id":5945,"date":"2023-10-17T22:30:46","date_gmt":"2023-10-17T20:30:46","guid":{"rendered":"https:\/\/ekkehardjung.de\/conductors\/"},"modified":"2024-08-01T22:19:00","modified_gmt":"2024-08-01T20:19:00","slug":"conductors","status":"publish","type":"page","link":"https:\/\/ekkehardjung.de\/en\/conductors\/","title":{"rendered":"Conductors"},"content":{"rendered":"<div class=\"gb-container gb-container-549d6353\"><div class=\"gb-inside-container\">\n\n<div class=\"gb-grid-wrapper gb-grid-wrapper-d0f7b334 gb-query-loop-wrapper\">\n<div class=\"gb-grid-column gb-grid-column-7facfadc gb-query-loop-item post-5956 post type-post status-publish format-standard has-post-thumbnail hentry category-conductors category-front-page category-mobile-version category-artists-projects-en\"><div class=\"gb-container gb-container-7facfadc\"><div class=\"gb-inside-container\">\n<div class=\"gb-container gb-container-bc4173aa\" style=\"--background-image: url(https:\/\/ekkehardjung.de\/wp-content\/uploads\/2025\/10\/Jiri_Rozen_\u00a9-Zdenek-Sokol_National-Theater_profil.jpg);\"><a class=\"gb-container-link\" href=\"https:\/\/ekkehardjung.de\/en\/jiri-rozen\/\"><\/a><div class=\"gb-inside-container\">\n<div class=\"gb-grid-wrapper gb-grid-wrapper-8bfce4a2\">\n<div class=\"gb-grid-column gb-grid-column-e4cb5357\"><div class=\"gb-container gb-container-e4cb5357\"><div class=\"gb-inside-container\"><\/div><\/div><\/div>\n<\/div>\n<\/div><\/div>\n\n<h5 class=\"gb-headline gb-headline-8c886a95 gb-headline-text\">Ji\u0159\u00ed Ro\u017ee\u0148<\/h5>\n<\/div><\/div><\/div>\n\n<div class=\"gb-grid-column gb-grid-column-7facfadc gb-query-loop-item post-5811 post type-post status-publish format-standard has-post-thumbnail hentry category-conductors category-front-page category-mobile-version category-artists-projects-en\"><div class=\"gb-container gb-container-7facfadc\"><div class=\"gb-inside-container\">\n<div class=\"gb-container gb-container-bc4173aa\" style=\"--background-image: url(https:\/\/ekkehardjung.de\/wp-content\/uploads\/2023\/10\/Jan-Willem-de-Vriend-01-\u00a9-Marco-Borggreve_Starseite-scaled.jpg);\"><a class=\"gb-container-link\" href=\"https:\/\/ekkehardjung.de\/en\/jan-willem-de-vriend\/\"><\/a><div class=\"gb-inside-container\">\n<div class=\"gb-grid-wrapper gb-grid-wrapper-8bfce4a2\">\n<div class=\"gb-grid-column gb-grid-column-e4cb5357\"><div class=\"gb-container gb-container-e4cb5357\"><div class=\"gb-inside-container\"><\/div><\/div><\/div>\n<\/div>\n<\/div><\/div>\n\n<h5 class=\"gb-headline gb-headline-8c886a95 gb-headline-text\">Jan Willem de Vriend<\/h5>\n<\/div><\/div><\/div>\n\n<div class=\"gb-grid-column gb-grid-column-7facfadc gb-query-loop-item post-5958 post type-post status-publish format-standard has-post-thumbnail hentry category-conductors category-front-page category-mobile-version category-artists-projects-en\"><div class=\"gb-container gb-container-7facfadc\"><div class=\"gb-inside-container\">\n<div class=\"gb-container gb-container-bc4173aa\" style=\"--background-image: url(https:\/\/ekkehardjung.de\/wp-content\/uploads\/2023\/10\/Gerard-Korsten-q.jpg);\"><a class=\"gb-container-link\" href=\"https:\/\/ekkehardjung.de\/en\/gerard-korsten\/\"><\/a><div class=\"gb-inside-container\">\n<div class=\"gb-grid-wrapper gb-grid-wrapper-8bfce4a2\">\n<div class=\"gb-grid-column gb-grid-column-e4cb5357\"><div class=\"gb-container gb-container-e4cb5357\"><div class=\"gb-inside-container\"><\/div><\/div><\/div>\n<\/div>\n<\/div><\/div>\n\n<h5 class=\"gb-headline gb-headline-8c886a95 gb-headline-text\">G\u00e9rard Korsten<\/h5>\n<\/div><\/div><\/div>\n\n<div class=\"gb-grid-column gb-grid-column-7facfadc gb-query-loop-item post-5962 post type-post status-publish format-standard has-post-thumbnail hentry category-conductors category-front-page category-mobile-version category-artists-projects-en\"><div class=\"gb-container gb-container-7facfadc\"><div class=\"gb-inside-container\">\n<div class=\"gb-container gb-container-bc4173aa\" style=\"--background-image: url(https:\/\/ekkehardjung.de\/wp-content\/uploads\/2025\/03\/Hossein_Pishkar_pics01_\u00a9_Susanne_Diesner_square-1.jpg);\"><a class=\"gb-container-link\" href=\"https:\/\/ekkehardjung.de\/en\/hossein-pishkar\/\"><\/a><div class=\"gb-inside-container\">\n<div class=\"gb-grid-wrapper gb-grid-wrapper-8bfce4a2\">\n<div class=\"gb-grid-column gb-grid-column-e4cb5357\"><div class=\"gb-container gb-container-e4cb5357\"><div class=\"gb-inside-container\"><\/div><\/div><\/div>\n<\/div>\n<\/div><\/div>\n\n<h5 class=\"gb-headline gb-headline-8c886a95 gb-headline-text\">Hossein Pishkar<\/h5>\n<\/div><\/div><\/div>\n\n<div class=\"gb-grid-column gb-grid-column-7facfadc gb-query-loop-item post-5964 post type-post status-publish format-standard has-post-thumbnail hentry category-conductors category-front-page category-mobile-version category-artists-projects-en\"><div class=\"gb-container gb-container-7facfadc\"><div class=\"gb-inside-container\">\n<div class=\"gb-container gb-container-bc4173aa\" style=\"--background-image: url(https:\/\/ekkehardjung.de\/wp-content\/uploads\/2025\/07\/Daniel_Raiskin-16_\u00a9Alexey-Molchanovsky_Profil-scaled.jpg);\"><a class=\"gb-container-link\" href=\"https:\/\/ekkehardjung.de\/en\/daniel-raiskin\/\"><\/a><div class=\"gb-inside-container\">\n<div class=\"gb-grid-wrapper gb-grid-wrapper-8bfce4a2\">\n<div class=\"gb-grid-column gb-grid-column-e4cb5357\"><div class=\"gb-container gb-container-e4cb5357\"><div class=\"gb-inside-container\"><\/div><\/div><\/div>\n<\/div>\n<\/div><\/div>\n\n<h5 class=\"gb-headline gb-headline-8c886a95 gb-headline-text\">Daniel Raiskin<\/h5>\n<\/div><\/div><\/div>\n\n<div class=\"gb-grid-column gb-grid-column-7facfadc gb-query-loop-item post-5952 post type-post status-publish format-standard has-post-thumbnail hentry category-conductors category-front-page category-mobile-version category-artists-projects-en\"><div class=\"gb-container gb-container-7facfadc\"><div class=\"gb-inside-container\">\n<div class=\"gb-container gb-container-bc4173aa\" style=\"--background-image: url(https:\/\/ekkehardjung.de\/wp-content\/uploads\/2023\/10\/Titelportrait-Ioannides.jpg);\"><a class=\"gb-container-link\" href=\"https:\/\/ekkehardjung.de\/en\/sarah-ioannides\/\"><\/a><div class=\"gb-inside-container\">\n<div class=\"gb-grid-wrapper gb-grid-wrapper-8bfce4a2\">\n<div class=\"gb-grid-column gb-grid-column-e4cb5357\"><div class=\"gb-container gb-container-e4cb5357\"><div class=\"gb-inside-container\"><\/div><\/div><\/div>\n<\/div>\n<\/div><\/div>\n\n<h5 class=\"gb-headline gb-headline-8c886a95 gb-headline-text\">Sarah Ioannides<\/h5>\n<\/div><\/div><\/div>\n\n<div class=\"gb-grid-column gb-grid-column-7facfadc gb-query-loop-item post-5747 post type-post status-publish format-standard has-post-thumbnail hentry category-conductors category-front-page category-mobile-version category-artists-projects-en\"><div class=\"gb-container gb-container-7facfadc\"><div class=\"gb-inside-container\">\n<div class=\"gb-container gb-container-bc4173aa\" style=\"--background-image: url(https:\/\/ekkehardjung.de\/wp-content\/uploads\/2023\/10\/Tibor_-Boganyi_01_\u00a9laszloemmer_profil-scaled.jpg);\"><a class=\"gb-container-link\" href=\"https:\/\/ekkehardjung.de\/en\/tibor-boganyi\/\"><\/a><div class=\"gb-inside-container\">\n<div class=\"gb-grid-wrapper gb-grid-wrapper-8bfce4a2\">\n<div class=\"gb-grid-column gb-grid-column-e4cb5357\"><div class=\"gb-container gb-container-e4cb5357\"><div class=\"gb-inside-container\"><\/div><\/div><\/div>\n<\/div>\n<\/div><\/div>\n\n<h5 class=\"gb-headline gb-headline-8c886a95 gb-headline-text\">Tibor Bog\u00e1nyi<\/h5>\n<\/div><\/div><\/div>\n\n<div class=\"gb-grid-column gb-grid-column-7facfadc gb-query-loop-item post-5785 post type-post status-publish format-standard has-post-thumbnail hentry category-conductors category-front-page category-mobile-version category-artists-projects-en\"><div class=\"gb-container gb-container-7facfadc\"><div class=\"gb-inside-container\">\n<div class=\"gb-container gb-container-bc4173aa\" style=\"--background-image: url(https:\/\/ekkehardjung.de\/wp-content\/uploads\/2024\/09\/Frank-Strobel-GAB20230930_B_6008-c-Gaetan-Bally_short-scaled.jpg);\"><a class=\"gb-container-link\" href=\"https:\/\/ekkehardjung.de\/en\/frank-strobel\/\"><\/a><div class=\"gb-inside-container\">\n<div class=\"gb-grid-wrapper gb-grid-wrapper-8bfce4a2\">\n<div class=\"gb-grid-column gb-grid-column-e4cb5357\"><div class=\"gb-container gb-container-e4cb5357\"><div class=\"gb-inside-container\"><\/div><\/div><\/div>\n<\/div>\n<\/div><\/div>\n\n<h5 class=\"gb-headline gb-headline-8c886a95 gb-headline-text\">Frank Strobel<\/h5>\n<\/div><\/div><\/div>\n<\/div>\n\n<\/div><\/div>","protected":false},"excerpt":{"rendered":"","protected":false},"author":1,"featured_media":0,"parent":0,"menu_order":8,"comment_status":"closed","ping_status":"closed","template":"","meta":{"footnotes":""},"class_list":{"0":"post-5945","1":"page","2":"type-page","3":"status-publish","5":"infinite-scroll-item"},"_links":{"self":[{"href":"https:\/\/ekkehardjung.de\/en\/wp-json\/wp\/v2\/pages\/5945","targetHints":{"allow":["GET"]}}],"collection":[{"href":"https:\/\/ekkehardjung.de\/en\/wp-json\/wp\/v2\/pages"}],"about":[{"href":"https:\/\/ekkehardjung.de\/en\/wp-json\/wp\/v2\/types\/page"}],"author":[{"embeddable":true,"href":"https:\/\/ekkehardjung.de\/en\/wp-json\/wp\/v2\/users\/1"}],"replies":[{"embeddable":true,"href":"https:\/\/ekkehardjung.de\/en\/wp-json\/wp\/v2\/comments?post=5945"}],"version-history":[{"count":5,"href":"https:\/\/ekkehardjung.de\/en\/wp-json\/wp\/v2\/pages\/5945\/revisions"}],"predecessor-version":[{"id":6243,"href":"https:\/\/ekkehardjung.de\/en\/wp-json\/wp\/v2\/pages\/5945\/revisions\/6243"}],"wp:attachment":[{"href":"https:\/\/ekkehardjung.de\/en\/wp-json\/wp\/v2\/media?parent=5945"}],"curies":[{"name":"wp","href":"https:\/\/api.w.org\/{rel}","templated":true}]}}