{"id":5974,"date":"2023-10-11T17:13:23","date_gmt":"2023-10-11T15:13:23","guid":{"rendered":"https:\/\/ekkehardjung.de\/homepage\/"},"modified":"2026-04-01T11:59:51","modified_gmt":"2026-04-01T09:59:51","slug":"homepage","status":"publish","type":"page","link":"https:\/\/ekkehardjung.de\/en\/","title":{"rendered":"Homepage"},"content":{"rendered":"<div class=\"gb-container gb-container-549d6353\"><div class=\"gb-inside-container\">\n\n<div class=\"gb-grid-wrapper gb-grid-wrapper-d0f7b334 gb-query-loop-wrapper\">\n<div class=\"gb-grid-column gb-grid-column-7facfadc gb-query-loop-item post-5956 post type-post status-publish format-standard has-post-thumbnail hentry category-conductors category-front-page category-mobile-version category-artists-projects-en\"><div class=\"gb-container gb-container-7facfadc\"><div class=\"gb-inside-container\">\n<div class=\"gb-container gb-container-bc4173aa\" style=\"--background-image: url(https:\/\/ekkehardjung.de\/wp-content\/uploads\/2025\/10\/Jiri_Rozen_\u00a9-Zdenek-Sokol_National-Theater_profil.jpg);\"><a class=\"gb-container-link\" href=\"https:\/\/ekkehardjung.de\/en\/jiri-rozen\/\"><\/a><div class=\"gb-inside-container\">\n<div class=\"gb-grid-wrapper gb-grid-wrapper-8bfce4a2\">\n<div class=\"gb-grid-column gb-grid-column-e4cb5357\"><div class=\"gb-container gb-container-e4cb5357\"><div class=\"gb-inside-container\"><\/div><\/div><\/div>\n<\/div>\n<\/div><\/div>\n\n<h5 class=\"gb-headline gb-headline-8c886a95 gb-headline-text\">Ji\u0159\u00ed Ro\u017ee\u0148<\/h5>\n\n\n<\/div><\/div><\/div>\n\n<div class=\"gb-grid-column gb-grid-column-7facfadc gb-query-loop-item post-5811 post type-post status-publish format-standard has-post-thumbnail hentry category-conductors category-front-page category-mobile-version category-artists-projects-en\"><div class=\"gb-container gb-container-7facfadc\"><div class=\"gb-inside-container\">\n<div class=\"gb-container gb-container-bc4173aa\" style=\"--background-image: url(https:\/\/ekkehardjung.de\/wp-content\/uploads\/2023\/10\/Jan-Willem-de-Vriend-01-\u00a9-Marco-Borggreve_Starseite-scaled.jpg);\"><a class=\"gb-container-link\" href=\"https:\/\/ekkehardjung.de\/en\/jan-willem-de-vriend\/\"><\/a><div class=\"gb-inside-container\">\n<div class=\"gb-grid-wrapper gb-grid-wrapper-8bfce4a2\">\n<div class=\"gb-grid-column gb-grid-column-e4cb5357\"><div class=\"gb-container gb-container-e4cb5357\"><div class=\"gb-inside-container\"><\/div><\/div><\/div>\n<\/div>\n<\/div><\/div>\n\n<h5 class=\"gb-headline gb-headline-8c886a95 gb-headline-text\">Jan Willem de Vriend<\/h5>\n\n\n<\/div><\/div><\/div>\n\n<div class=\"gb-grid-column gb-grid-column-7facfadc gb-query-loop-item post-5958 post type-post status-publish format-standard has-post-thumbnail hentry category-conductors category-front-page category-mobile-version category-artists-projects-en\"><div class=\"gb-container gb-container-7facfadc\"><div class=\"gb-inside-container\">\n<div class=\"gb-container gb-container-bc4173aa\" style=\"--background-image: url(https:\/\/ekkehardjung.de\/wp-content\/uploads\/2023\/10\/Gerard-Korsten-q.jpg);\"><a class=\"gb-container-link\" href=\"https:\/\/ekkehardjung.de\/en\/gerard-korsten\/\"><\/a><div class=\"gb-inside-container\">\n<div class=\"gb-grid-wrapper gb-grid-wrapper-8bfce4a2\">\n<div class=\"gb-grid-column gb-grid-column-e4cb5357\"><div class=\"gb-container gb-container-e4cb5357\"><div class=\"gb-inside-container\"><\/div><\/div><\/div>\n<\/div>\n<\/div><\/div>\n\n<h5 class=\"gb-headline gb-headline-8c886a95 gb-headline-text\">G\u00e9rard Korsten<\/h5>\n\n\n<\/div><\/div><\/div>\n\n<div class=\"gb-grid-column gb-grid-column-7facfadc gb-query-loop-item post-5962 post type-post status-publish format-standard has-post-thumbnail hentry category-conductors category-front-page category-mobile-version category-artists-projects-en\"><div class=\"gb-container gb-container-7facfadc\"><div class=\"gb-inside-container\">\n<div class=\"gb-container gb-container-bc4173aa\" style=\"--background-image: url(https:\/\/ekkehardjung.de\/wp-content\/uploads\/2025\/03\/Hossein_Pishkar_pics01_\u00a9_Susanne_Diesner_square-1.jpg);\"><a class=\"gb-container-link\" href=\"https:\/\/ekkehardjung.de\/en\/hossein-pishkar\/\"><\/a><div class=\"gb-inside-container\">\n<div class=\"gb-grid-wrapper gb-grid-wrapper-8bfce4a2\">\n<div class=\"gb-grid-column gb-grid-column-e4cb5357\"><div class=\"gb-container gb-container-e4cb5357\"><div class=\"gb-inside-container\"><\/div><\/div><\/div>\n<\/div>\n<\/div><\/div>\n\n<h5 class=\"gb-headline gb-headline-8c886a95 gb-headline-text\">Hossein Pishkar<\/h5>\n\n\n<\/div><\/div><\/div>\n\n<div class=\"gb-grid-column gb-grid-column-7facfadc gb-query-loop-item post-5964 post type-post status-publish format-standard has-post-thumbnail hentry category-conductors category-front-page category-mobile-version category-artists-projects-en\"><div class=\"gb-container gb-container-7facfadc\"><div class=\"gb-inside-container\">\n<div class=\"gb-container gb-container-bc4173aa\" style=\"--background-image: url(https:\/\/ekkehardjung.de\/wp-content\/uploads\/2025\/07\/Daniel_Raiskin-16_\u00a9Alexey-Molchanovsky_Profil-scaled.jpg);\"><a class=\"gb-container-link\" href=\"https:\/\/ekkehardjung.de\/en\/daniel-raiskin\/\"><\/a><div class=\"gb-inside-container\">\n<div class=\"gb-grid-wrapper gb-grid-wrapper-8bfce4a2\">\n<div class=\"gb-grid-column gb-grid-column-e4cb5357\"><div class=\"gb-container gb-container-e4cb5357\"><div class=\"gb-inside-container\"><\/div><\/div><\/div>\n<\/div>\n<\/div><\/div>\n\n<h5 class=\"gb-headline gb-headline-8c886a95 gb-headline-text\">Daniel Raiskin<\/h5>\n\n\n<\/div><\/div><\/div>\n\n<div class=\"gb-grid-column gb-grid-column-7facfadc gb-query-loop-item post-5952 post type-post status-publish format-standard has-post-thumbnail hentry category-conductors category-front-page category-mobile-version category-artists-projects-en\"><div class=\"gb-container gb-container-7facfadc\"><div class=\"gb-inside-container\">\n<div class=\"gb-container gb-container-bc4173aa\" style=\"--background-image: url(https:\/\/ekkehardjung.de\/wp-content\/uploads\/2023\/10\/Titelportrait-Ioannides.jpg);\"><a class=\"gb-container-link\" href=\"https:\/\/ekkehardjung.de\/en\/sarah-ioannides\/\"><\/a><div class=\"gb-inside-container\">\n<div class=\"gb-grid-wrapper gb-grid-wrapper-8bfce4a2\">\n<div class=\"gb-grid-column gb-grid-column-e4cb5357\"><div class=\"gb-container gb-container-e4cb5357\"><div class=\"gb-inside-container\"><\/div><\/div><\/div>\n<\/div>\n<\/div><\/div>\n\n<h5 class=\"gb-headline gb-headline-8c886a95 gb-headline-text\">Sarah Ioannides<\/h5>\n\n\n<\/div><\/div><\/div>\n\n<div class=\"gb-grid-column gb-grid-column-7facfadc gb-query-loop-item post-6022 post type-post status-publish format-standard has-post-thumbnail hentry category-composer category-piano category-front-page category-mobile-version category-artists-projects-en\"><div class=\"gb-container gb-container-7facfadc\"><div class=\"gb-inside-container\">\n<div class=\"gb-container gb-container-bc4173aa\" style=\"--background-image: url(https:\/\/ekkehardjung.de\/wp-content\/uploads\/2023\/10\/Dejan-Lazic-q.jpg);\"><a class=\"gb-container-link\" href=\"https:\/\/ekkehardjung.de\/en\/dejan-lazic\/\"><\/a><div class=\"gb-inside-container\">\n<div class=\"gb-grid-wrapper gb-grid-wrapper-8bfce4a2\">\n<div class=\"gb-grid-column gb-grid-column-e4cb5357\"><div class=\"gb-container gb-container-e4cb5357\"><div class=\"gb-inside-container\"><\/div><\/div><\/div>\n<\/div>\n<\/div><\/div>\n\n<h5 class=\"gb-headline gb-headline-8c886a95 gb-headline-text\">Dejan Lazi\u0107<\/h5>\n\n\n<\/div><\/div><\/div>\n\n<div class=\"gb-grid-column gb-grid-column-7facfadc gb-query-loop-item post-5793 post type-post status-publish format-standard has-post-thumbnail hentry category-projects category-front-page category-mobile-version category-artists-projects-en\"><div class=\"gb-container gb-container-7facfadc\"><div class=\"gb-inside-container\">\n<div class=\"gb-container gb-container-bc4173aa\" style=\"--background-image: url(https:\/\/ekkehardjung.de\/wp-content\/uploads\/2023\/10\/Logo-mit-Grau-2.png);\"><a class=\"gb-container-link\" href=\"https:\/\/ekkehardjung.de\/en\/europaeische-filmphilharmonie\/\"><\/a><div class=\"gb-inside-container\">\n<div class=\"gb-grid-wrapper gb-grid-wrapper-8bfce4a2\">\n<div class=\"gb-grid-column gb-grid-column-e4cb5357\"><div class=\"gb-container gb-container-e4cb5357\"><div class=\"gb-inside-container\"><\/div><\/div><\/div>\n<\/div>\n<\/div><\/div>\n\n<h5 class=\"gb-headline gb-headline-8c886a95 gb-headline-text\">Europ\u00e4ische FilmPhilharmonie<\/h5>\n\n\n<\/div><\/div><\/div>\n\n<div class=\"gb-grid-column gb-grid-column-7facfadc gb-query-loop-item post-5753 post type-post status-publish format-standard has-post-thumbnail hentry category-projects category-front-page category-mobile-version category-artists-projects-en\"><div class=\"gb-container gb-container-7facfadc\"><div class=\"gb-inside-container\">\n<div class=\"gb-container gb-container-bc4173aa\" style=\"--background-image: url(https:\/\/ekkehardjung.de\/wp-content\/uploads\/2023\/10\/Eva-Buchmann-q.jpg);\"><a class=\"gb-container-link\" href=\"https:\/\/ekkehardjung.de\/en\/eva-buchmann\/\"><\/a><div class=\"gb-inside-container\">\n<div class=\"gb-grid-wrapper gb-grid-wrapper-8bfce4a2\">\n<div class=\"gb-grid-column gb-grid-column-e4cb5357\"><div class=\"gb-container gb-container-e4cb5357\"><div class=\"gb-inside-container\"><\/div><\/div><\/div>\n<\/div>\n<\/div><\/div>\n\n<h5 class=\"gb-headline gb-headline-8c886a95 gb-headline-text\">Eva Buchmann<\/h5>\n\n\n<\/div><\/div><\/div>\n\n<div class=\"gb-grid-column gb-grid-column-7facfadc gb-query-loop-item post-5747 post type-post status-publish format-standard has-post-thumbnail hentry category-conductors category-front-page category-mobile-version category-artists-projects-en\"><div class=\"gb-container gb-container-7facfadc\"><div class=\"gb-inside-container\">\n<div class=\"gb-container gb-container-bc4173aa\" style=\"--background-image: url(https:\/\/ekkehardjung.de\/wp-content\/uploads\/2023\/10\/Tibor_-Boganyi_01_\u00a9laszloemmer_profil-scaled.jpg);\"><a class=\"gb-container-link\" href=\"https:\/\/ekkehardjung.de\/en\/tibor-boganyi\/\"><\/a><div class=\"gb-inside-container\">\n<div class=\"gb-grid-wrapper gb-grid-wrapper-8bfce4a2\">\n<div class=\"gb-grid-column gb-grid-column-e4cb5357\"><div class=\"gb-container gb-container-e4cb5357\"><div class=\"gb-inside-container\"><\/div><\/div><\/div>\n<\/div>\n<\/div><\/div>\n\n<h5 class=\"gb-headline gb-headline-8c886a95 gb-headline-text\">Tibor Bog\u00e1nyi<\/h5>\n\n\n<\/div><\/div><\/div>\n\n<div class=\"gb-grid-column gb-grid-column-7facfadc gb-query-loop-item post-5789 post type-post status-publish format-standard has-post-thumbnail hentry category-projects category-front-page\"><div class=\"gb-container gb-container-7facfadc\"><div class=\"gb-inside-container\">\n<div class=\"gb-container gb-container-bc4173aa\" style=\"--background-image: url(https:\/\/ekkehardjung.de\/wp-content\/uploads\/2024\/01\/ej-logo-3d-white.jpg);\"><a class=\"gb-container-link\" href=\"https:\/\/ekkehardjung.de\/en\/orchestra-projects\/\"><\/a><div class=\"gb-inside-container\">\n<div class=\"gb-grid-wrapper gb-grid-wrapper-8bfce4a2\">\n<div class=\"gb-grid-column gb-grid-column-e4cb5357\"><div class=\"gb-container gb-container-e4cb5357\"><div class=\"gb-inside-container\"><\/div><\/div><\/div>\n<\/div>\n<\/div><\/div>\n\n<h5 class=\"gb-headline gb-headline-8c886a95 gb-headline-text\">Orchestra Projects<\/h5>\n\n\n<\/div><\/div><\/div>\n\n<div class=\"gb-grid-column gb-grid-column-7facfadc gb-query-loop-item post-5785 post type-post status-publish format-standard has-post-thumbnail hentry category-conductors category-front-page category-mobile-version category-artists-projects-en\"><div class=\"gb-container gb-container-7facfadc\"><div class=\"gb-inside-container\">\n<div class=\"gb-container gb-container-bc4173aa\" style=\"--background-image: url(https:\/\/ekkehardjung.de\/wp-content\/uploads\/2024\/09\/Frank-Strobel-GAB20230930_B_6008-c-Gaetan-Bally_short-scaled.jpg);\"><a class=\"gb-container-link\" href=\"https:\/\/ekkehardjung.de\/en\/frank-strobel\/\"><\/a><div class=\"gb-inside-container\">\n<div class=\"gb-grid-wrapper gb-grid-wrapper-8bfce4a2\">\n<div class=\"gb-grid-column gb-grid-column-e4cb5357\"><div class=\"gb-container gb-container-e4cb5357\"><div class=\"gb-inside-container\"><\/div><\/div><\/div>\n<\/div>\n<\/div><\/div>\n\n<h5 class=\"gb-headline gb-headline-8c886a95 gb-headline-text\">Frank Strobel<\/h5>\n\n\n<\/div><\/div><\/div>\n\n<div class=\"gb-grid-column gb-grid-column-7facfadc gb-query-loop-item post-5970 post type-post status-publish format-standard has-post-thumbnail hentry category-projects category-front-page\"><div class=\"gb-container gb-container-7facfadc\"><div class=\"gb-inside-container\">\n<div class=\"gb-container gb-container-bc4173aa\" style=\"--background-image: url(https:\/\/ekkehardjung.de\/wp-content\/uploads\/2024\/01\/ej-logo-3d-white.jpg);\"><a class=\"gb-container-link\" href=\"https:\/\/ekkehardjung.de\/en\/chamber-music-projects-2024-25\/\"><\/a><div class=\"gb-inside-container\">\n<div class=\"gb-grid-wrapper gb-grid-wrapper-8bfce4a2\">\n<div class=\"gb-grid-column gb-grid-column-e4cb5357\"><div class=\"gb-container gb-container-e4cb5357\"><div class=\"gb-inside-container\"><\/div><\/div><\/div>\n<\/div>\n<\/div><\/div>\n\n<h5 class=\"gb-headline gb-headline-8c886a95 gb-headline-text\">Chamber Music Projects 2025\/26<\/h5>\n\n\n<\/div><\/div><\/div>\n\n<div class=\"gb-grid-column gb-grid-column-7facfadc gb-query-loop-item post-8326 post type-post status-publish format-standard has-post-thumbnail hentry category-projects category-front-page category-mobile-version category-artists-projects-en\"><div class=\"gb-container gb-container-7facfadc\"><div class=\"gb-inside-container\">\n<div class=\"gb-container gb-container-bc4173aa\" style=\"--background-image: url(https:\/\/ekkehardjung.de\/wp-content\/uploads\/2025\/11\/Visual-Symphony.jpg);\"><a class=\"gb-container-link\" href=\"https:\/\/ekkehardjung.de\/en\/visual-symphony\/\"><\/a><div class=\"gb-inside-container\">\n<div class=\"gb-grid-wrapper gb-grid-wrapper-8bfce4a2\">\n<div class=\"gb-grid-column gb-grid-column-e4cb5357\"><div class=\"gb-container gb-container-e4cb5357\"><div class=\"gb-inside-container\"><\/div><\/div><\/div>\n<\/div>\n<\/div><\/div>\n\n<h5 class=\"gb-headline gb-headline-8c886a95 gb-headline-text\">Visual Symphony<\/h5>\n\n\n<\/div><\/div><\/div>\n<\/div>\n\n<\/div><\/div>\n\n<div class=\"gb-container gb-container-d285cbcb\">\n<div class=\"gb-grid-wrapper gb-grid-wrapper-0b5e08c5\">\n<div class=\"gb-grid-column gb-grid-column-2b89e9c6\"><div class=\"gb-container gb-container-2b89e9c6\">\n<div class=\"gb-container gb-container-12fcafec\">\n<div class=\"gb-container gb-container-d1349596\">\n<div class=\"gb-container gb-container-c2760d9e\">\n\n<p><strong>Daniel Raiskin\u2019s CD <em>\u201cDmitri Shostakovich: Symphonies Nos. 6 &amp; 9\u201d<\/em>, recorded with the Jan\u00e1\u010dek Philharmonic Orchestra, will be released on May 1, 2026.<\/strong><br><strong><a href=\"https:\/\/www.challengerecords.com\/products\/17661419809329\/symphonies-nos-6-9\" data-type=\"link\" data-id=\"https:\/\/www.challengerecords.com\/products\/17661419809329\/symphonies-nos-6-9\" target=\"_blank\" rel=\"noreferrer noopener\">Dmitri Shostakovich: Symphonies Nos. 6 &amp; 9 \u2013 available for pre-order now at Challenge.<\/a><\/strong><\/p>\n\n<\/div>\n<\/div>\n<\/div>\n\n<div class=\"gb-container gb-container-afc6eb14\">\n<div class=\"gb-container gb-container-df8770d8\">\n\n<p><strong><strong><a href=\"https:\/\/ekkehardjung.de\/en\/tibor-boganyi\/\">Tibor Bog\u00e1nyi<\/a><\/strong> joins for worldwide management<\/strong>.<\/p>\n\n<\/div>\n<\/div>\n\n<div class=\"gb-container gb-container-268d3b49\">\n<div class=\"gb-container gb-container-c7a4c00f\">\n<div class=\"gb-container gb-container-941533dc\">\n\n<p><strong>The Czech conductor <a href=\"https:\/\/ekkehardjung.de\/jiri-rozen\/\" target=\"_blank\" rel=\"noreferrer noopener\">Ji\u0159\u00ed Ro\u017ee\u0148<\/a> is newly represented in General Management<\/strong>.<\/p>\n\n<\/div>\n<\/div>\n<\/div>\n\n<div class=\"gb-container gb-container-7b63e8fd\">\n\n<p><strong><a href=\"https:\/\/ekkehardjung.de\/en\/jan-willem-de-vriend\/\" target=\"_blank\" rel=\"noreferrer noopener\">Jan Willem de Vriend<\/a> und <\/strong><a href=\"https:\/\/ekkehardjung.de\/en\/dejan-lazic\/\" target=\"_blank\" rel=\"noreferrer noopener\"><strong>Dejan Lazi\u0107<\/strong><\/a><strong>neue CD \u201eWolfgang Amadeus Mozart: Piano Concertos Nos. 20 &amp; 12\u201c &nbsp;is out now.<\/strong><br><strong><a href=\"https:\/\/open.spotify.com\/intl-de\/track\/0t64R4Gt3ZhlKXZHcvtXEM\" data-type=\"link\" data-id=\"https:\/\/open.spotify.com\/intl-de\/track\/0t64R4Gt3ZhlKXZHcvtXEM\" target=\"_blank\" rel=\"noreferrer noopener\">Mozart: Piano Concerto No. 20 in D Minor, K. 466: II. Romance \u2013 <\/a><a href=\"https:\/\/open.spotify.com\/intl-de\/album\/2F7wPOe4RdPlMv0enUGciq\" target=\"_blank\" rel=\"noreferrer noopener\">Stream on Spotify<\/a><\/strong><br><\/p>\n\n<\/div>\n\n<div class=\"gb-container gb-container-ab185a43\">\n\n<p><strong><a href=\"https:\/\/ekkehardjung.de\/en\/jan-willem-de-vriend\/\" target=\"_blank\" rel=\"noreferrer noopener\">Jan Willem de Vriend<\/a><\/strong> <strong>at Kulturportr\u00e4t on SWR Kultur.<\/strong><br><strong><a href=\"https:\/\/www.swr.de\/swrkultur\/musik-klassik\/der-dirigent-jan-willem-de-vriend-das-musikportraet-2025-07-27-100.html\" target=\"_blank\" rel=\"noreferrer noopener\">SWR Kultur<\/a><\/strong><\/p>\n\n<\/div>\n\n<div class=\"gb-container gb-container-c3815860\">\n\n<p><a href=\"https:\/\/ekkehardjung.de\/en\/frank-strobel\/\" target=\"_blank\" rel=\"noreferrer noopener\"><strong>Frank Strobel<\/strong><\/a><strong>&#8216;<strong>new CD MOVIE THEMES MADE IN GERMANY with Enjott Schneide&nbsp;\u2019s composition and the WDR Funkhausorchester is out now.<br><a href=\"https:\/\/shop.solo-musica.de\/produkt\/movie-themes-made-in-germany-filmmusik-von-enjott-schneider\/\" target=\"_blank\" rel=\"noreferrer noopener\">MOVIE THEMES MADE IN GERMANY \u2013 Buy at solo musica<\/a><\/strong><br><a href=\"https:\/\/open.spotify.com\/intl-de\/album\/3UpX6RmxsGRAUiAYSBkfgN\"><strong>MOVIE THEMES MADE IN GERMANY \u2013 Stream on Spotify<\/strong><\/a><\/strong><\/p>\n\n<\/div>\n<\/div><\/div>\n\n<div class=\"gb-grid-column gb-grid-column-cb1fd60d\"><div class=\"gb-container gb-container-cb1fd60d\">\n<div class=\"gb-container gb-container-fa177a7d\">\n\n<p><strong><strong><strong><strong><strong><strong><strong><strong><strong><strong><strong><strong><strong><a href=\"https:\/\/ekkehardjung.de\/en\/frank-strobel\/\" target=\"_blank\" rel=\"noreferrer noopener\"><strong>Frank Strobel<\/strong><\/a><strong>&#8216;s new CD UNIQUE with the NDR-Radiophilharmonie is now available digitally.<br><a href=\"https:\/\/open.spotify.com\/intl-de\/album\/7CJKLq1HYF45yHtae6qQ7h\" data-type=\"link\" data-id=\"https:\/\/open.spotify.com\/intl-de\/album\/7CJKLq1HYF45yHtae6qQ7h\" target=\"_blank\" rel=\"noreferrer noopener\">UNIQUE-Stream on Spotify<\/a><\/strong><\/strong><\/strong><\/strong><\/strong><\/strong><\/strong><\/strong><\/strong><\/strong><\/strong><\/strong><\/strong><\/strong><\/p>\n\n<\/div>\n\n<div class=\"gb-container gb-container-c4b7896f\">\n\n<p><strong><strong><strong><strong><strong><strong><strong><strong><strong><strong><a href=\"https:\/\/ekkehardjung.de\/en\/daniel-raiskin\/\" target=\"_blank\" rel=\"noreferrer noopener\">Daniel Raiskin<\/a> is Chief Conductor and Artistic Director of the Jan\u00e1\u010dek Philharmonic Ostrava from the season 2026\/27. <strong><br><\/strong><\/strong><\/strong><a href=\"https:\/\/www.puntoarte.eu\/\" data-type=\"link\" data-id=\"https:\/\/www.puntoarte.eu\/\" target=\"_blank\" rel=\"noreferrer noopener\"><\/a><strong><a href=\"https:\/\/www.jfo.cz\/en\/novinky\/we-have-published-the-program-for-the-71st-concert-season-and-introduced-the-future-chief-conductor-of-the-jpo\/\" data-type=\"link\" data-id=\"https:\/\/www.jfo.cz\/en\/novinky\/we-have-published-the-program-for-the-71st-concert-season-and-introduced-the-future-chief-conductor-of-the-jpo\/\" target=\"_blank\" rel=\"noreferrer noopener\"><strong>Jan\u00e1\u010dek Philharmonic Ostrava<\/strong><\/a><\/strong><\/strong><\/strong><\/strong><\/strong><\/strong><\/strong><\/strong><\/strong><\/p>\n\n<\/div>\n\n<div class=\"gb-container gb-container-0d3e3ff9\">\n\n<p><strong><strong><strong><strong><strong><strong><a href=\"https:\/\/ekkehardjung.de\/en\/jan-willem-de-vriend\/\" data-type=\"link\" data-id=\"https:\/\/ekkehardjung.de\/en\/jan-willem-de-vriend\/\" target=\"_blank\" rel=\"noreferrer noopener\"><strong>Jan Willem de Vried<\/strong><\/a><strong><strong><strong><strong> and <a href=\"https:\/\/ekkehardjung.de\/en\/eva-buchmann\/\" data-type=\"link\" data-id=\"https:\/\/ekkehardjung.de\/en\/eva-buchmann\/\" target=\"_blank\" rel=\"noreferrer noopener\">Eva Buchmann<\/a>\u2019s opera production &#8220;La Scala de Seta\u201d by Gioachino Rossini was premiered at \u201ePunto Arte Festival 2025\u201d in Volterra (Tuscany) on 7<sup>th<\/sup>&nbsp;July 2025.&nbsp;<br><\/strong><\/strong><\/strong><a href=\"https:\/\/www.puntoarte.eu\/\" data-type=\"link\" data-id=\"https:\/\/www.puntoarte.eu\/\" target=\"_blank\" rel=\"noreferrer noopener\">Punto Arte Festival 2025<\/a><\/strong><\/strong><\/strong><\/strong><\/strong><\/strong><\/strong><\/p>\n\n<\/div>\n<\/div><\/div>\n<\/div>\n<\/div>\n\n\n<p><\/p>\n","protected":false},"excerpt":{"rendered":"","protected":false},"author":1,"featured_media":0,"parent":0,"menu_order":23,"comment_status":"closed","ping_status":"closed","template":"","meta":{"footnotes":""},"class_list":{"0":"post-5974","1":"page","2":"type-page","3":"status-publish","5":"infinite-scroll-item"},"_links":{"self":[{"href":"https:\/\/ekkehardjung.de\/en\/wp-json\/wp\/v2\/pages\/5974","targetHints":{"allow":["GET"]}}],"collection":[{"href":"https:\/\/ekkehardjung.de\/en\/wp-json\/wp\/v2\/pages"}],"about":[{"href":"https:\/\/ekkehardjung.de\/en\/wp-json\/wp\/v2\/types\/page"}],"author":[{"embeddable":true,"href":"https:\/\/ekkehardjung.de\/en\/wp-json\/wp\/v2\/users\/1"}],"replies":[{"embeddable":true,"href":"https:\/\/ekkehardjung.de\/en\/wp-json\/wp\/v2\/comments?post=5974"}],"version-history":[{"count":57,"href":"https:\/\/ekkehardjung.de\/en\/wp-json\/wp\/v2\/pages\/5974\/revisions"}],"predecessor-version":[{"id":8923,"href":"https:\/\/ekkehardjung.de\/en\/wp-json\/wp\/v2\/pages\/5974\/revisions\/8923"}],"wp:attachment":[{"href":"https:\/\/ekkehardjung.de\/en\/wp-json\/wp\/v2\/media?parent=5974"}],"curies":[{"name":"wp","href":"https:\/\/api.w.org\/{rel}","templated":true}]}}